{"id":9,"date":"2014-12-05T15:16:22","date_gmt":"2014-12-05T13:16:22","guid":{"rendered":"http:\/\/www.katjankulma.fi\/?page_id=9"},"modified":"2025-06-22T16:01:11","modified_gmt":"2025-06-22T13:01:11","slug":"yhteydenotot","status":"publish","type":"page","link":"https:\/\/www.katjankulma.fi\/?page_id=9","title":{"rendered":"Yhteydenotot ja ajanvaraukset"},"content":{"rendered":"<p><img loading=\"lazy\" decoding=\"async\" class=\"alignnone wp-image-193 size-full\" src=\"http:\/\/www.katjankulma.fi\/wp-content\/uploads\/2019\/09\/KatjanLOGO.png\" alt=\"\" width=\"350\" height=\"132\" \/><\/p>\n<p><strong>Jalka ja Kauneushoitola Katjan Kulma<br \/>\n<\/strong><strong style=\"line-height: inherit;\">Beckerintie\u00a03<br \/>\n<\/strong><strong style=\"line-height: inherit;\">51200 Kangasniemi\u00a0\u00a0\u00a0\u00a0\u00a0\u00a0\u00a0\u00a0\u00a0\u00a0\u00a0\u00a0\u00a0\u00a0\u00a0\u00a0\u00a0\u00a0\u00a0\u00a0\u00a0\u00a0\u00a0\u00a0\u00a0\u00a0\u00a0\u00a0\u00a0\u00a0\u00a0\u00a0\u00a0\u00a0\u00a0\u00a0\u00a0\u00a0\u00a0\u00a0\u00a0\u00a0\u00a0\u00a0\u00a0\u00a0\u00a0\u00a0<\/strong><strong style=\"line-height: inherit;\">\u00a0\u00a0\u00a0\u00a0<\/strong><span style=\"line-height: inherit;\">\u00a0\u00a0\u00a0\u00a0\u00a0\u00a0\u00a0\u00a0\u00a0\u00a0\u00a0\u00a0\u00a0\u00a0\u00a0\u00a0\u00a0<\/span><\/p>\n<p>SKY-Cidesco-erikoiskosmetologi, jalkahoitaja<br \/>\nKatja M\u00e4ntynen<br \/>\n<strong>Puh. 0400 648 733<\/strong><\/p>\n<p>Huom! Peruuttamatta j\u00e4tetyist\u00e4 hoidoista veloitamme 50 % varatun hoidon hinnasta.\u00a0Peruutukset mielell\u00e4\u00e4n viimeist\u00e4\u00e4n 24 tuntia\u00a0ennen varattua aikaa.<\/p>\n","protected":false},"excerpt":{"rendered":"<p>Jalka ja Kauneushoitola Katjan Kulma Beckerintie\u00a03 51200 Kangasniemi\u00a0\u00a0\u00a0\u00a0\u00a0\u00a0\u00a0\u00a0\u00a0\u00a0\u00a0\u00a0\u00a0\u00a0\u00a0\u00a0\u00a0\u00a0\u00a0\u00a0\u00a0\u00a0\u00a0\u00a0\u00a0\u00a0\u00a0\u00a0\u00a0\u00a0\u00a0\u00a0\u00a0\u00a0\u00a0\u00a0\u00a0\u00a0\u00a0\u00a0\u00a0\u00a0\u00a0\u00a0\u00a0\u00a0\u00a0\u00a0\u00a0\u00a0\u00a0\u00a0\u00a0\u00a0\u00a0\u00a0\u00a0\u00a0\u00a0\u00a0\u00a0\u00a0\u00a0\u00a0\u00a0\u00a0\u00a0\u00a0\u00a0 SKY-Cidesco-erikoiskosmetologi, jalkahoitaja Katja M\u00e4ntynen Puh. 0400 648 733 Huom! Peruuttamatta j\u00e4tetyist\u00e4 hoidoista veloitamme 50 % varatun hoidon hinnasta.\u00a0Peruutukset mielell\u00e4\u00e4n viimeist\u00e4\u00e4n 24 tuntia\u00a0ennen varattua aikaa.<\/p>\n","protected":false},"author":1,"featured_media":0,"parent":0,"menu_order":4,"comment_status":"closed","ping_status":"closed","template":"","meta":{"footnotes":""},"class_list":["post-9","page","type-page","status-publish","hentry"],"_links":{"self":[{"href":"https:\/\/www.katjankulma.fi\/index.php?rest_route=\/wp\/v2\/pages\/9","targetHints":{"allow":["GET"]}}],"collection":[{"href":"https:\/\/www.katjankulma.fi\/index.php?rest_route=\/wp\/v2\/pages"}],"about":[{"href":"https:\/\/www.katjankulma.fi\/index.php?rest_route=\/wp\/v2\/types\/page"}],"author":[{"embeddable":true,"href":"https:\/\/www.katjankulma.fi\/index.php?rest_route=\/wp\/v2\/users\/1"}],"replies":[{"embeddable":true,"href":"https:\/\/www.katjankulma.fi\/index.php?rest_route=%2Fwp%2Fv2%2Fcomments&post=9"}],"version-history":[{"count":29,"href":"https:\/\/www.katjankulma.fi\/index.php?rest_route=\/wp\/v2\/pages\/9\/revisions"}],"predecessor-version":[{"id":324,"href":"https:\/\/www.katjankulma.fi\/index.php?rest_route=\/wp\/v2\/pages\/9\/revisions\/324"}],"wp:attachment":[{"href":"https:\/\/www.katjankulma.fi\/index.php?rest_route=%2Fwp%2Fv2%2Fmedia&parent=9"}],"curies":[{"name":"wp","href":"https:\/\/api.w.org\/{rel}","templated":true}]}}