{"id":28,"date":"2014-12-05T16:45:22","date_gmt":"2014-12-05T14:45:22","guid":{"rendered":"http:\/\/www.katjankulma.fi\/?page_id=28"},"modified":"2025-10-21T08:15:00","modified_gmt":"2025-10-21T05:15:00","slug":"etusivu-2","status":"publish","type":"page","link":"https:\/\/www.katjankulma.fi\/","title":{"rendered":"Palvelen Sinua vuosien ammattitaidolla!"},"content":{"rendered":"\n<p><strong>Jalka ja Kauneushoitola Katjan Kulma tarjoaa jalkahoito- ja kauneudenhoitopalveluja Kangasniemen keskustassa. Sinua palvelee SKY-Cidesco-erikoiskosmetologi, jalkahoitaja Katja M\u00e4ntynen.<\/strong><\/p>\n\n\n\n<figure class=\"wp-block-image size-full\"><a href=\"http:\/\/www.katjankulma.fi\/wp-content\/uploads\/2014\/12\/logot_3kpl1.jpg\"><img loading=\"lazy\" decoding=\"async\" width=\"340\" height=\"124\" src=\"http:\/\/www.katjankulma.fi\/wp-content\/uploads\/2014\/12\/logot_3kpl1.jpg\" alt=\"\" class=\"wp-image-133\"\/><\/a><\/figure>\n\n\n\n<div style=\"height:25px\" aria-hidden=\"true\" class=\"wp-block-spacer\"><\/div>\n\n\n\n<p><strong>Hoitolaan on esteet\u00f6n kulku. <\/strong><\/p>\n\n\n\n<p><strong>Tervetuloa rentouttaviin hoitohetkiin!<\/strong><\/p>\n\n\n\n<p><a href=\"https:\/\/www.katjankulma.fi\/?page_id=9\" data-type=\"page\" data-id=\"9\">Ota yhteytt\u00e4 ja varaa aika!<\/a><\/p>\n\n\n\n<div class=\"wp-block-media-text is-stacked-on-mobile\"><figure class=\"wp-block-media-text__media\"><img loading=\"lazy\" decoding=\"async\" width=\"700\" height=\"513\" src=\"https:\/\/www.katjankulma.fi\/wp-content\/uploads\/2025\/10\/lahjakortti_katjan_kulma.jpg\" alt=\"\" class=\"wp-image-339 size-full\" srcset=\"https:\/\/www.katjankulma.fi\/wp-content\/uploads\/2025\/10\/lahjakortti_katjan_kulma.jpg 700w, https:\/\/www.katjankulma.fi\/wp-content\/uploads\/2025\/10\/lahjakortti_katjan_kulma-640x469.jpg 640w, https:\/\/www.katjankulma.fi\/wp-content\/uploads\/2025\/10\/lahjakortti_katjan_kulma-619x454.jpg 619w\" sizes=\"auto, (max-width: 700px) 100vw, 700px\" \/><\/figure><div class=\"wp-block-media-text__content\">\n<h3 class=\"wp-block-heading\">Lahjakortti Jalka ja Kauneushoitola Katjan Kulmaan.<\/h3>\n<\/div><\/div>\n","protected":false},"excerpt":{"rendered":"<p>Jalka ja Kauneushoitola Katjan Kulma tarjoaa jalkahoito- ja kauneudenhoitopalveluja Kangasniemen keskustassa. Sinua palvelee SKY-Cidesco-erikoiskosmetologi, jalkahoitaja Katja M\u00e4ntynen. Hoitolaan on esteet\u00f6n kulku. Tervetuloa rentouttaviin hoitohetkiin! Ota yhteytt\u00e4 ja varaa aika! Lahjakortti Jalka ja Kauneushoitola Katjan Kulmaan.<\/p>\n","protected":false},"author":1,"featured_media":0,"parent":0,"menu_order":1,"comment_status":"closed","ping_status":"closed","template":"","meta":{"footnotes":""},"class_list":["post-28","page","type-page","status-publish","hentry"],"_links":{"self":[{"href":"https:\/\/www.katjankulma.fi\/index.php?rest_route=\/wp\/v2\/pages\/28","targetHints":{"allow":["GET"]}}],"collection":[{"href":"https:\/\/www.katjankulma.fi\/index.php?rest_route=\/wp\/v2\/pages"}],"about":[{"href":"https:\/\/www.katjankulma.fi\/index.php?rest_route=\/wp\/v2\/types\/page"}],"author":[{"embeddable":true,"href":"https:\/\/www.katjankulma.fi\/index.php?rest_route=\/wp\/v2\/users\/1"}],"replies":[{"embeddable":true,"href":"https:\/\/www.katjankulma.fi\/index.php?rest_route=%2Fwp%2Fv2%2Fcomments&post=28"}],"version-history":[{"count":36,"href":"https:\/\/www.katjankulma.fi\/index.php?rest_route=\/wp\/v2\/pages\/28\/revisions"}],"predecessor-version":[{"id":345,"href":"https:\/\/www.katjankulma.fi\/index.php?rest_route=\/wp\/v2\/pages\/28\/revisions\/345"}],"wp:attachment":[{"href":"https:\/\/www.katjankulma.fi\/index.php?rest_route=%2Fwp%2Fv2%2Fmedia&parent=28"}],"curies":[{"name":"wp","href":"https:\/\/api.w.org\/{rel}","templated":true}]}}