{"id":140,"date":"2016-09-19T12:56:13","date_gmt":"2016-09-19T09:56:13","guid":{"rendered":"http:\/\/www.katjankulma.fi\/?page_id=140"},"modified":"2019-09-23T14:04:40","modified_gmt":"2019-09-23T11:04:40","slug":"laitehoidot","status":"publish","type":"page","link":"https:\/\/www.katjankulma.fi\/?page_id=140","title":{"rendered":"Laitehoidot"},"content":{"rendered":"<h3><strong>Timanttihionta<\/strong><\/h3>\n<p>Timanttihionta on ihoa puhdistava, elvytt\u00e4v\u00e4, uudistava ja toimintaa parantava hoito. Hoidossa ihon kuollut pintasolukerros poistetaan, joten ihonhoitotuotteiden vaikutus tehostuu moninkertaisesti.<\/p>\n<p>Hoidon teho perustuu ihon omaan parantumiskyvyn hyv\u00e4ksik\u00e4ytt\u00f6\u00f6n. Hionta stimuloi uusien terveiden solujen muodostumista ja jo yhden hoitokerran j\u00e4lkeen iho tuntuu pehme\u00e4mm\u00e4lt\u00e4, tasaisemmalta ja puhtaammalta.<\/p>\n<p>Hoitomuoto on allergiayst\u00e4v\u00e4llinen, eik\u00e4 sen j\u00e4lkeen tarvita toipumisaikaa. Se k\u00e4y kaikille ihotyypeille. Timanttihiontaa voi tehd\u00e4 sarjahoitona.<\/p>\n<p><a href=\"http:\/\/www.katjankulma.fi\/wp-content\/uploads\/2016\/09\/microdermabrasion-sugarland-dental-spa-300x200.jpg\"><img loading=\"lazy\" decoding=\"async\" class=\"alignnone size-full wp-image-144\" src=\"http:\/\/www.katjankulma.fi\/wp-content\/uploads\/2016\/09\/microdermabrasion-sugarland-dental-spa-300x200.jpg\" alt=\"microdermabrasion-sugarland-dental-spa-300x200\" width=\"300\" height=\"200\" \/><\/a><br \/>\nTimanttihionta:<br \/>\n&#8211; puhdistaa ja kuorii<br \/>\n&#8211; ihonv\u00e4ri normalisoituu ja kirkastuu<br \/>\n&#8211; uudistaa ja kiinteytt\u00e4\u00e4<br \/>\n&#8211; poistaa mustap\u00e4it\u00e4 ja talia<br \/>\n&#8211; silottaa ryppyj\u00e4 ja madaltaa juonteita<br \/>\n&#8211; korjaa pigmenttivirheit\u00e4 ja arpeumia<\/p>\n<p>******<\/p>\n<h3><strong>Neulaton mesoterapia &#8211; kivuton ja infektioriskit\u00f6n caretec meso<\/strong><\/h3>\n<p>Hoidossa k\u00e4ytet\u00e4\u00e4n korkeataajuuselektroporaatio- sek\u00e4 elektro-osmoosimenetelm\u00e4\u00e4, jossa solukalvot tehd\u00e4\u00e4n l\u00e4p\u00e4isev\u00e4mmiksi ja tehoaineet kuljetetaan syv\u00e4lle ihon kudoksiin.<\/p>\n<p>S\u00e4hk\u00f6iset pulssiaallot avaavat hetkellisesti solukalvon kanavia, joilla tehoaineet p\u00e4\u00e4sev\u00e4t ihon eri kerrosten l\u00e4pi ilman, ett\u00e4 ihoon tarvitsee puhkaista reiki\u00e4. Hoito voidaan suorittaa yksitt\u00e4isen\u00e4 hoitona tai 4-6 hoitokerran sarjana, jolloin hoitov\u00e4liksi suositellaan 1-2 viikkoa. Hoito aloitetaan timanttihionnalla.<\/p>\n<p><a href=\"http:\/\/www.katjankulma.fi\/wp-content\/uploads\/2016\/09\/meso2.jpe\"><img loading=\"lazy\" decoding=\"async\" class=\"alignnone wp-image-153\" src=\"http:\/\/www.katjankulma.fi\/wp-content\/uploads\/2016\/09\/meso2-640x590.jpe\" alt=\"Turn Page on Old Wrinkle Eye to Youth\" width=\"300\" height=\"277\" srcset=\"https:\/\/www.katjankulma.fi\/wp-content\/uploads\/2016\/09\/meso2-640x590.jpe 640w, https:\/\/www.katjankulma.fi\/wp-content\/uploads\/2016\/09\/meso2-619x571.jpe 619w, https:\/\/www.katjankulma.fi\/wp-content\/uploads\/2016\/09\/meso2.jpe 808w\" sizes=\"auto, (max-width: 300px) 100vw, 300px\" \/><\/a><br \/>\nNeulaton mesoterapia:<br \/>\n&#8211; kohottaa ja kiinteytt\u00e4\u00e4 ihoa<br \/>\n&#8211; supistaa ihohuokosia- poistaa turvotusta kasvoilta<br \/>\n&#8211; rentouttaa ja kuntouttaa kasvolihaksia<br \/>\n&#8211; tasoittaa ryppyj\u00e4 ja juonteita<br \/>\n&#8211; kirkastaa ihoa<\/p>\n<p>******<\/p>\n<h3><strong>Ultra\u00e4\u00e4ni-ihonpuhdistus<\/strong><\/h3>\n<p>Sonoscrub3 ec-ultra\u00e4\u00e4nihoito on nykyaikainen ja kokonaisvaltainen tapa suorittaa kuorinta sek\u00e4 syv\u00e4lle ulottuva ihonpuhdistus.<\/p>\n<p>Ultra\u00e4\u00e4ni-ihonpuhdistus sopii kaikille ihotyypeille. Se on hell\u00e4varainen ja miellytt\u00e4v\u00e4 hoito ilman mekaanista \u00e4rsytyst\u00e4. Ultra\u00e4\u00e4ni-ihonpuhdistus irrottaa kuolleet sarveissolut ja ep\u00e4puhtaudet iholta sek\u00e4 liu&#8217;uttaa talin ulos ihohuokosista kivutta vahingoittamatta kudosta pinnallisesti toimivalla ultra\u00e4\u00e4nell\u00e4.<\/p>\n<p>Sonoscrub3ec-hoito irrottaa iholta kuolleen sarveissolukon sek\u00e4 j\u00e4tt\u00e4\u00e4 ihonpinnan sametinpehme\u00e4ksi ja kirkkaaksi. Syv\u00e4puhdistusvaihe liuottaa ja pehmitt\u00e4\u00e4 huokosissa olevan talin, rasvan ja muun ep\u00e4puhtauden t\u00e4ysin kivutta, j\u00e4tt\u00e4m\u00e4tt\u00e4 j\u00e4lke\u00e4k\u00e4\u00e4n ihon pinnalle.<\/p>\n<p>Tulet varmasti huomaamaan kuinka kokonaisvaltaisesti, tasaisesti ja hell\u00e4varaisesti hoito puhdistaa ja virkist\u00e4\u00e4 kasvojasi.<\/p>\n<p><a href=\"http:\/\/www.katjankulma.fi\/wp-content\/uploads\/2016\/09\/ultraaani_ihonpuhdistus.jpg\"><img loading=\"lazy\" decoding=\"async\" class=\"alignnone size-full wp-image-145\" src=\"http:\/\/www.katjankulma.fi\/wp-content\/uploads\/2016\/09\/ultraaani_ihonpuhdistus.jpg\" alt=\"ultraaani_ihonpuhdistus\" width=\"200\" height=\"134\" \/><\/a><\/p>\n","protected":false},"excerpt":{"rendered":"<p>Timanttihionta Timanttihionta on ihoa puhdistava, elvytt\u00e4v\u00e4, uudistava ja toimintaa parantava hoito. Hoidossa ihon kuollut pintasolukerros poistetaan, joten ihonhoitotuotteiden vaikutus tehostuu moninkertaisesti. Hoidon teho perustuu ihon omaan parantumiskyvyn hyv\u00e4ksik\u00e4ytt\u00f6\u00f6n. Hionta stimuloi uusien terveiden solujen muodostumista ja jo yhden hoitokerran j\u00e4lkeen iho tuntuu pehme\u00e4mm\u00e4lt\u00e4, tasaisemmalta ja puhtaammalta. Hoitomuoto on allergiayst\u00e4v\u00e4llinen, eik\u00e4 sen j\u00e4lkeen tarvita toipumisaikaa. Se k\u00e4y [&hellip;]<\/p>\n","protected":false},"author":1,"featured_media":0,"parent":0,"menu_order":2,"comment_status":"closed","ping_status":"closed","template":"","meta":{"footnotes":""},"class_list":["post-140","page","type-page","status-publish","hentry"],"_links":{"self":[{"href":"https:\/\/www.katjankulma.fi\/index.php?rest_route=\/wp\/v2\/pages\/140","targetHints":{"allow":["GET"]}}],"collection":[{"href":"https:\/\/www.katjankulma.fi\/index.php?rest_route=\/wp\/v2\/pages"}],"about":[{"href":"https:\/\/www.katjankulma.fi\/index.php?rest_route=\/wp\/v2\/types\/page"}],"author":[{"embeddable":true,"href":"https:\/\/www.katjankulma.fi\/index.php?rest_route=\/wp\/v2\/users\/1"}],"replies":[{"embeddable":true,"href":"https:\/\/www.katjankulma.fi\/index.php?rest_route=%2Fwp%2Fv2%2Fcomments&post=140"}],"version-history":[{"count":4,"href":"https:\/\/www.katjankulma.fi\/index.php?rest_route=\/wp\/v2\/pages\/140\/revisions"}],"predecessor-version":[{"id":189,"href":"https:\/\/www.katjankulma.fi\/index.php?rest_route=\/wp\/v2\/pages\/140\/revisions\/189"}],"wp:attachment":[{"href":"https:\/\/www.katjankulma.fi\/index.php?rest_route=%2Fwp%2Fv2%2Fmedia&parent=140"}],"curies":[{"name":"wp","href":"https:\/\/api.w.org\/{rel}","templated":true}]}}